{"id":3867,"date":"2024-09-02T12:17:06","date_gmt":"2024-09-02T12:17:06","guid":{"rendered":"https:\/\/dev.drschatzl.at\/afectiuni\/"},"modified":"2024-09-02T12:37:30","modified_gmt":"2024-09-02T12:37:30","slug":"afectiuni","status":"publish","type":"page","link":"https:\/\/test-drschatzl.online360.at\/ro\/afectiuni\/","title":{"rendered":"Afec\u0163iuni"},"content":{"rendered":"\t\t<div data-elementor-type=\"wp-page\" data-elementor-id=\"3867\" class=\"elementor elementor-3867 elementor-3843\">\n\t\t\t\t\t\t\t\t\t<section class=\"elementor-section elementor-top-section elementor-element elementor-element-277de94 elementor-section-boxed elementor-section-height-default elementor-section-height-default\" data-id=\"277de94\" data-element_type=\"section\">\r\n\t\t\r\n\t\t\t\t\t\t\t<div class=\"elementor-container elementor-column-gap-default\">\r\n\t\t\t\t\t\t\t\t\t\t\t<div class=\"elementor-column elementor-col-100 elementor-top-column elementor-element elementor-element-2980147\" data-id=\"2980147\" data-element_type=\"column\">\r\n\t\t\t\t\t<div class=\"elementor-widget-wrap elementor-element-populated\">\r\n\t\t\t\t\t\t\t\t<div class=\"elementor-element elementor-element-97084cd elementor-widget elementor-widget-image\" data-id=\"97084cd\" data-element_type=\"widget\" data-widget_type=\"image.default\">\n\t\t\t\t<div class=\"elementor-widget-container\">\n\t\t\t<style>\/*! elementor - v3.18.0 - 08-12-2023 *\/\n.elementor-widget-image{text-align:center}.elementor-widget-image a{display:inline-block}.elementor-widget-image a img[src$=\".svg\"]{width:48px}.elementor-widget-image img{vertical-align:middle;display:inline-block}<\/style>\t\t\t\t\t\t\t\t\t\t\t\t<img fetchpriority=\"high\" decoding=\"async\" width=\"1024\" height=\"680\" src=\"https:\/\/test-drschatzl.online360.at\/wp-content\/uploads\/2024\/07\/DSC_9100_bearbeitet-1024x680.jpg\" class=\"attachment-large size-large wp-image-3386\" alt=\"\" srcset=\"https:\/\/test-drschatzl.online360.at\/wp-content\/uploads\/2024\/07\/DSC_9100_bearbeitet-1024x680.jpg 1024w, https:\/\/test-drschatzl.online360.at\/wp-content\/uploads\/2024\/07\/DSC_9100_bearbeitet-768x510.jpg 768w, https:\/\/test-drschatzl.online360.at\/wp-content\/uploads\/2024\/07\/DSC_9100_bearbeitet-640x425.jpg 640w, https:\/\/test-drschatzl.online360.at\/wp-content\/uploads\/2024\/07\/DSC_9100_bearbeitet-400x266.jpg 400w\" sizes=\"(max-width: 1024px) 100vw, 1024px\" \/>\t\t\t\t\t\t\t\t\t\t\t\t\t\t\t<\/div>\n\t\t\t\t<\/div>\n\t\t\t\t<div class=\"elementor-element elementor-element-f646d5f elementor-widget elementor-widget-text-editor\" data-id=\"f646d5f\" data-element_type=\"widget\" data-widget_type=\"text-editor.default\">\n\t\t\t\t<div class=\"elementor-widget-container\">\n\t\t\t<style>\/*! elementor - v3.18.0 - 08-12-2023 *\/\n.elementor-widget-text-editor.elementor-drop-cap-view-stacked .elementor-drop-cap{background-color:#69727d;color:#fff}.elementor-widget-text-editor.elementor-drop-cap-view-framed .elementor-drop-cap{color:#69727d;border:3px solid;background-color:transparent}.elementor-widget-text-editor:not(.elementor-drop-cap-view-default) .elementor-drop-cap{margin-top:8px}.elementor-widget-text-editor:not(.elementor-drop-cap-view-default) .elementor-drop-cap-letter{width:1em;height:1em}.elementor-widget-text-editor .elementor-drop-cap{float:left;text-align:center;line-height:1;font-size:50px}.elementor-widget-text-editor .elementor-drop-cap-letter{display:inline-block}<\/style>\t\t\t\t<h2>Probleme tipice la b\u0103rba\u0163ii \u00een v\u00e2rst\u0103<\/h2>\n<p>\u00cen cabinetul meu de urologie \u015fi andrologie m-am specializat printre altele \u00een problemele b\u0103rba\u0163ilor v\u00e2rstnici. \u00cen ziua mea obi\u015fnuit\u0103 ca medic m\u0103 confrunt cu tot mai multe simptome caracteristice v\u00e2rstei avansate, pentru care a\u015f dori s\u0103 ofer aici \u00een avans c\u00e2teva informa\u0163ii, respectiv r\u0103spunsuri. Desigur c\u0103 ele nu pot fi detaliate aici \u015fi \u00een niciun caz nu \u00eenlocuiesc discu\u0163ia detaliat\u0103 din cabinet.<\/p>\n<h2>Este important\u0103 discu\u0163ia personal\u0103<\/h2>\n<p>Dac\u0103 ati observat una sau mai multe afec\u0163iuni prezentate de mine aici, lua\u0163i leg\u0103tura cu mine. O analiz\u0103 mai exact\u0103 a cauzelor \u015fi aprecierea tratamentului care se aplic\u0103 \u00een problema dumneavoastr\u0103 sunt desigur posibile abia dup\u0103 discu\u0163ia personal\u0103 cu dumneavoastr\u0103 \u015fi eventual dup\u0103 efectuarea unor investiga\u0163ii necesare, despre care eu v\u0103 informez pe larg.<\/p>\n\t\t\t\t\t\t<\/div>\n\t\t\t\t<\/div>\n\t\t\t\t\t<\/div>\r\n\t\t\t\t<\/div>\r\n\t\t\t\t\t<\/div>\r\n\t\t\t\t<\/section>\r\n\t\t\t\t<section class=\"elementor-section elementor-top-section elementor-element elementor-element-235b391 elementor-section-boxed elementor-section-height-default elementor-section-height-default\" data-id=\"235b391\" data-element_type=\"section\" data-settings=\"{&quot;background_background&quot;:&quot;classic&quot;}\">\r\n\t\t\r\n\t\t\t\t\t\t\t<div class=\"elementor-container elementor-column-gap-default\">\r\n\t\t\t\t\t\t\t\t\t\t\t<div class=\"elementor-column elementor-col-100 elementor-top-column elementor-element elementor-element-8ff588d\" data-id=\"8ff588d\" data-element_type=\"column\">\r\n\t\t\t\t\t<div class=\"elementor-widget-wrap elementor-element-populated\">\r\n\t\t\t\t\t\t\t\t<div class=\"elementor-element elementor-element-120cc57 pb-2 m-b elementor-widget elementor-widget-heading\" data-id=\"120cc57\" data-element_type=\"widget\" data-widget_type=\"heading.default\">\n\t\t\t\t<div class=\"elementor-widget-container\">\n\t\t\t<style>\/*! elementor - v3.18.0 - 08-12-2023 *\/\n.elementor-heading-title{padding:0;margin:0;line-height:1}.elementor-widget-heading .elementor-heading-title[class*=elementor-size-]>a{color:inherit;font-size:inherit;line-height:inherit}.elementor-widget-heading .elementor-heading-title.elementor-size-small{font-size:15px}.elementor-widget-heading .elementor-heading-title.elementor-size-medium{font-size:19px}.elementor-widget-heading .elementor-heading-title.elementor-size-large{font-size:29px}.elementor-widget-heading .elementor-heading-title.elementor-size-xl{font-size:39px}.elementor-widget-heading .elementor-heading-title.elementor-size-xxl{font-size:59px}<\/style><h4 class=\"elementor-heading-title elementor-size-default\">Boli respectiv simptome tipice<\/h4>\t\t<\/div>\n\t\t\t\t<\/div>\n\t\t\t\t<div class=\"elementor-element elementor-element-477f65b accordion-space m-t-n-sm elementor-widget elementor-widget-accordion\" data-id=\"477f65b\" data-element_type=\"widget\" data-widget_type=\"accordion.default\">\n\t\t\t\t<div class=\"elementor-widget-container\">\n\t\t\t<style>.elementor-accordion{text-align:left}.elementor-accordion .elementor-accordion-item{border:1px solid #d5d8dc}.elementor-accordion .elementor-accordion-item+.elementor-accordion-item{border-top:none}.elementor-accordion .elementor-tab-title{margin:0;padding:15px 20px;font-weight:700;line-height:1;cursor:pointer;outline:none}.elementor-accordion .elementor-tab-title .elementor-accordion-icon{display:inline-block;width:1.5em}.elementor-accordion .elementor-tab-title .elementor-accordion-icon svg{width:1em;height:1em}.elementor-accordion .elementor-tab-title .elementor-accordion-icon.elementor-accordion-icon-right{float:right;text-align:right}.elementor-accordion .elementor-tab-title .elementor-accordion-icon.elementor-accordion-icon-left{float:left;text-align:left}.elementor-accordion .elementor-tab-title .elementor-accordion-icon .elementor-accordion-icon-closed{display:block}.elementor-accordion .elementor-tab-title .elementor-accordion-icon .elementor-accordion-icon-opened,.elementor-accordion .elementor-tab-title.elementor-active .elementor-accordion-icon-closed{display:none}.elementor-accordion .elementor-tab-title.elementor-active .elementor-accordion-icon-opened{display:block}.elementor-accordion .elementor-tab-content{display:none;padding:15px 20px;border-top:1px solid #d5d8dc}@media (max-width:767px){.elementor-accordion .elementor-tab-title{padding:12px 15px}.elementor-accordion .elementor-tab-title .elementor-accordion-icon{width:1.2em}.elementor-accordion .elementor-tab-content{padding:7px 15px}}.e-con-inner>.elementor-widget-accordion,.e-con>.elementor-widget-accordion{width:var(--container-widget-width);--flex-grow:var(--container-widget-flex-grow)}<\/style>\t\t<div class=\"elementor-accordion\">\n\t\t\t\t\t\t\t<div class=\"elementor-accordion-item\">\n\t\t\t\t\t<h4 id=\"elementor-tab-title-7491\" class=\"elementor-tab-title\" data-tab=\"1\" role=\"button\" aria-controls=\"elementor-tab-content-7491\" aria-expanded=\"false\">\n\t\t\t\t\t\t\t\t\t\t\t\t<a class=\"elementor-accordion-title\" tabindex=\"0\">Afec\u0163iuni ale vie\u0163ii sexuale<\/a>\n\t\t\t\t\t<\/h4>\n\t\t\t\t\t<div id=\"elementor-tab-content-7491\" class=\"elementor-tab-content elementor-clearfix\" data-tab=\"1\" role=\"region\" aria-labelledby=\"elementor-tab-title-7491\"><ul>\n<li>Ave\u0163i probleme \u00een a men\u0163ine erec\u0163ia?<\/li>\n<li><strong>Ave\u0163i probleme de a ajunge la erec\u0163ie?<\/strong><\/li>\n<li><strong>Exist\u0103 deja probleme \u00een cuplu?<\/strong><\/li>\n<li><strong>Este posibil s\u0103 suferi\u0163i de diabet?<\/strong><br \/><span style=\"font-family: inherit; font-size: 0.9375rem; font-style: inherit; font-variant-ligatures: inherit; font-variant-caps: inherit; letter-spacing: -0.012em; background-color: #ffffff; color: #222222;\"><br \/>Mai multe informa\u0163ii g\u0103si\u0163i la traducerea \u00een <a href=\"https:\/\/drschatzl.at\/krankheitsbilder\/\">limba englez\u0103.<\/a><\/span><\/li>\n<\/ul>\n<\/div>\n\t\t\t\t<\/div>\n\t\t\t\t\t\t\t<div class=\"elementor-accordion-item\">\n\t\t\t\t\t<h4 id=\"elementor-tab-title-7492\" class=\"elementor-tab-title\" data-tab=\"2\" role=\"button\" aria-controls=\"elementor-tab-content-7492\" aria-expanded=\"false\">\n\t\t\t\t\t\t\t\t\t\t\t\t<a class=\"elementor-accordion-title\" tabindex=\"0\">Carcinomul de prostat\u0103<\/a>\n\t\t\t\t\t<\/h4>\n\t\t\t\t\t<div id=\"elementor-tab-content-7492\" class=\"elementor-tab-content elementor-clearfix\" data-tab=\"2\" role=\"region\" aria-labelledby=\"elementor-tab-title-7492\"><ul>\n<li style=\"list-style-type: none;\">\n<ul>\n<li>A\u0163i fost deja o dat\u0103 la controlul preventiv?<\/li>\n<li>Sufer\u0103 o rud\u0103 apropiat\u0103 de cancer la prostat\u0103?<\/li>\n<\/ul>\n<div id=\"ui-accordion-jquery-ui-filter-panel-1\" class=\"jquery-ui-filter-container jquery-ui-filter-accordion-container ui-accordion-content ui-helper-reset ui-widget-content ui-corner-bottom ui-accordion-content-active\" role=\"tabpanel\" aria-labelledby=\"ui-accordion-jquery-ui-filter-header-1\" aria-expanded=\"true\" aria-hidden=\"false\">\n<p>Mai multe informa\u0163ii g\u0103si\u0163i la traducerea \u00een <a href=\"https:\/\/drschatzl.at\/krankheitsbilder\/\">limba englez\u0103.<\/a><\/p>\n<\/div>\n<div id=\"ui-accordion-jquery-ui-filter-header-2\" class=\"jquery-ui-filter-header jquery-ui-filter-accordion-header ui-accordion-header ui-helper-reset ui-state-default ui-corner-all ui-accordion-icons\" tabindex=\"-1\" role=\"tab\" aria-controls=\"ui-accordion-jquery-ui-filter-panel-2\" aria-selected=\"false\"> <\/div>\n<\/li>\n<\/ul>\n<\/div>\n\t\t\t\t<\/div>\n\t\t\t\t\t\t\t<div class=\"elementor-accordion-item\">\n\t\t\t\t\t<h4 id=\"elementor-tab-title-7493\" class=\"elementor-tab-title\" data-tab=\"3\" role=\"button\" aria-controls=\"elementor-tab-content-7493\" aria-expanded=\"false\">\n\t\t\t\t\t\t\t\t\t\t\t\t<a class=\"elementor-accordion-title\" tabindex=\"0\">Cazuri de urgen\u0163\u0103 \u00een urologie<\/a>\n\t\t\t\t\t<\/h4>\n\t\t\t\t\t<div id=\"elementor-tab-content-7493\" class=\"elementor-tab-content elementor-clearfix\" data-tab=\"3\" role=\"region\" aria-labelledby=\"elementor-tab-title-7493\"><ul>\n<li>A\u0163i observat urme de s\u00e2nge \u00een urin\u0103?<\/li>\n<li>Ave\u0163i dintr-o dat\u0103 dureri puternice de testicul?<\/li>\n<li>Ave\u0163i dintr-o dat\u0103 dureri puternice de testicul?\n<div id=\"jquery-ui-filter\" class=\"jquery-ui-filter jquery-ui-filter-accordion jquery-ui-filter-accordion-collapsed jquery-ui-filter-accordion-processed ui-accordion ui-widget ui-helper-reset\" role=\"tablist\">\n<div id=\"ui-accordion-jquery-ui-filter-panel-2\" class=\"jquery-ui-filter-container jquery-ui-filter-accordion-container ui-accordion-content ui-helper-reset ui-widget-content ui-corner-bottom ui-accordion-content-active\" role=\"tabpanel\" aria-labelledby=\"ui-accordion-jquery-ui-filter-header-2\" aria-expanded=\"true\" aria-hidden=\"false\">\n<p>Mai multe informa\u0163ii g\u0103si\u0163i la traducerea \u00een <a href=\"https:\/\/drschatzl.at\/krankheitsbilder\/\">limba englez\u0103.<\/a><\/p>\n<\/div>\n<\/div>\n<\/li>\n<\/ul>\n<\/div>\n\t\t\t\t<\/div>\n\t\t\t\t\t\t\t\t<\/div>\n\t\t\t\t<\/div>\n\t\t\t\t<\/div>\n\t\t\t\t<div class=\"elementor-element elementor-element-44232ff mb-2 elementor-invisible elementor-widget elementor-widget-porto_blog\" data-id=\"44232ff\" data-element_type=\"widget\" data-settings=\"{&quot;_animation&quot;:&quot;fadeInUp&quot;,&quot;_animation_delay&quot;:100}\" data-widget_type=\"porto_blog.default\">\n\t\t\t\t<div class=\"elementor-widget-container\">\n\t\t\t<div id=\"porto-blog-1902\" class=\"porto-blog wpb_content_element \">\t\t<div class=\"blog-posts posts-grid\">\r\n\t\t\t<div class=\"posts-container row\">\r\n\t\t\r\n<article class=\"post post-grid col-md-6 col-lg-4 post-title-simple post-3946 post type-post status-publish format-standard has-post-thumbnail hentry category-120 category-medicine-ro\">\r\n\t<div class=\"grid-box\">\r\n\t\t\t<div class=\"post-image single\">\r\n\t\t<div class=\"post-slideshow porto-carousel owl-carousel has-ccols ccols-1  nav-inside nav-inside-center nav-style-2 show-nav-hover\" data-plugin-options='{\"nav\":true}'>\r\n\t\t\t\t\t\t\t\t\t\t\t<a href=\"https:\/\/test-drschatzl.online360.at\/ro\/afectarea-functiei-sexuale-barbatesti\/\" aria-label=\"post image\">\r\n\t\t\t\t\t\t\t\t<div class=\"img-thumbnail\">\r\n\t\t\t\t\t\t<img decoding=\"async\" width=\"352\" height=\"180\" src=\"https:\/\/test-drschatzl.online360.at\/wp-content\/uploads\/2020\/06\/medical2-blog-3.png\" class=\"owl-lazy img-responsive\" alt=\"\" \/>\t\t\t\t\t\t\t\t\t\t\t<\/div>\r\n\t\t\t\t\t\t\t\t<\/a>\r\n\t\t\t\t\t\t\t\t<\/div>\r\n\t\t\r\n\t\t\t<\/div>\r\n\t\r\n\t\t<!-- Post meta before content -->\r\n\t\t<div class=\"post-meta\"><span class=\"meta-date\"><i class=\"far fa-calendar-alt\"><\/i>octombrie 7, 2023<\/span><\/div><div class=\"post-meta\"><\/div>\t\t<div class=\"post-content\">\r\n\r\n\t\t\t<h4 class=\"entry-title\"><a href=\"https:\/\/test-drschatzl.online360.at\/ro\/afectarea-functiei-sexuale-barbatesti\/\">Afectarea func\u021biei sexuale b\u0103rb\u0103te\u0219ti<\/a><\/h4>\r\n\t\t\t<span class=\"vcard\" style=\"display: none;\"><span class=\"fn\"><a href=\"https:\/\/test-drschatzl.online360.at\/ro\/author\/devangi-thakoregmail-com\/\" title=\"Articole de devangi.thakore@gmail.com\" rel=\"author\">devangi.thakore@gmail.com<\/a><\/span><\/span><span class=\"updated\" style=\"display:none\">2024-09-03T11:20:36+02:00<\/span><p class=\"post-excerpt\">\nAfec\u021biunile sexuale de care pot suferi b\u0103rba\u021bii se \u00eempart \u00een 5 categorii:\n\n\nProblemele de dorin\u021b\u0103 sexual\u0103 (suprastimulare, substimulare sexual\u0103)\n\n\n\nProblemele de erec\u021bie (disfunc\u021bie erectil\u0103, probleme de poten\u021b\u0103, boala Peyronie)\n\n\n\nProbleme de ejaculare (precoce, tardiv\u0103, retrograd\u0103, lipsa ejacul\u0103r...<\/p>\t\t\t\t\t<\/div>\r\n\t\t<!-- Post meta after content -->\r\n\t\t\t\t<div class=\"clearfix\">\r\n\t\t\t<a class=\"btn btn-xs btn-default text-xs text-uppercase btn-readmore\" href=\"https:\/\/test-drschatzl.online360.at\/ro\/afectarea-functiei-sexuale-barbatesti\/\">Read more...<\/a>\r\n\t\t<\/div>\r\n\t<\/div>\r\n<\/article>\r\n\r\n<article class=\"post post-grid col-md-6 col-lg-4 post-title-simple post-3952 post type-post status-publish format-standard has-post-thumbnail hentry category-medicine-ro category-report-ro\">\r\n\t<div class=\"grid-box\">\r\n\t\t\t<div class=\"post-image single\">\r\n\t\t<div class=\"post-slideshow porto-carousel owl-carousel has-ccols ccols-1  nav-inside nav-inside-center nav-style-2 show-nav-hover\" data-plugin-options='{\"nav\":true}'>\r\n\t\t\t\t\t\t\t\t\t\t\t<a href=\"https:\/\/test-drschatzl.online360.at\/ro\/problemele-de-mictiune-lower-urinary-tract-symptoms\/\" aria-label=\"post image\">\r\n\t\t\t\t\t\t\t\t<div class=\"img-thumbnail\">\r\n\t\t\t\t\t\t<img decoding=\"async\" width=\"352\" height=\"180\" src=\"https:\/\/test-drschatzl.online360.at\/wp-content\/uploads\/2020\/06\/medical2-blog-1.png\" class=\"owl-lazy img-responsive\" alt=\"\" \/>\t\t\t\t\t\t\t\t\t\t\t<\/div>\r\n\t\t\t\t\t\t\t\t<\/a>\r\n\t\t\t\t\t\t\t\t<\/div>\r\n\t\t\r\n\t\t\t<\/div>\r\n\t\r\n\t\t<!-- Post meta before content -->\r\n\t\t<div class=\"post-meta\"><span class=\"meta-date\"><i class=\"far fa-calendar-alt\"><\/i>iunie 10, 2020<\/span><\/div><div class=\"post-meta\"><\/div>\t\t<div class=\"post-content\">\r\n\r\n\t\t\t<h4 class=\"entry-title\"><a href=\"https:\/\/test-drschatzl.online360.at\/ro\/problemele-de-mictiune-lower-urinary-tract-symptoms\/\">Problemele de mic\u021biune (\u201elower urinary tract symptoms\u201c)<\/a><\/h4>\r\n\t\t\t<span class=\"vcard\" style=\"display: none;\"><span class=\"fn\"><a href=\"https:\/\/test-drschatzl.online360.at\/ro\/author\/devangi-thakoregmail-com\/\" title=\"Articole de devangi.thakore@gmail.com\" rel=\"author\">devangi.thakore@gmail.com<\/a><\/span><\/span><span class=\"updated\" style=\"display:none\">2024-09-03T11:52:46+02:00<\/span><p class=\"post-excerpt\">\nProblemele la urinare sunt din ce \u00een ce mai frecvente odat\u0103 cu v\u00e2rsta. \u00cen Austria, unul din trei b\u0103rba\u021bi sufer\u0103 de aceste afec\u021biuni dup\u0103 v\u00e2rsta de 50 de ani, ceea ce \u00eenseamn\u0103 c\u0103 sunt afecta\u021bi peste 330.000 de b\u0103rba\u021bi.\n\nCare sunt simptomele acestor afec\u021biuni?\n\nSe pot identifica dou\u0103 grupe de simptom...<\/p>\t\t\t\t\t<\/div>\r\n\t\t<!-- Post meta after content -->\r\n\t\t\t\t<div class=\"clearfix\">\r\n\t\t\t<a class=\"btn btn-xs btn-default text-xs text-uppercase btn-readmore\" href=\"https:\/\/test-drschatzl.online360.at\/ro\/problemele-de-mictiune-lower-urinary-tract-symptoms\/\">Read more...<\/a>\r\n\t\t<\/div>\r\n\t<\/div>\r\n<\/article>\r\n\r\n<article class=\"post post-grid col-md-6 col-lg-4 post-title-simple post-3959 post type-post status-publish format-standard has-post-thumbnail hentry category-medicine-ro category-natural-remedies-ro\">\r\n\t<div class=\"grid-box\">\r\n\t\t\t<div class=\"post-image single\">\r\n\t\t<div class=\"post-slideshow porto-carousel owl-carousel has-ccols ccols-1  nav-inside nav-inside-center nav-style-2 show-nav-hover\" data-plugin-options='{\"nav\":true}'>\r\n\t\t\t\t\t\t\t\t\t\t\t<a href=\"https:\/\/test-drschatzl.online360.at\/ro\/carcinomul-de-prostata\/\" aria-label=\"post image\">\r\n\t\t\t\t\t\t\t\t<div class=\"img-thumbnail\">\r\n\t\t\t\t\t\t<img loading=\"lazy\" decoding=\"async\" width=\"352\" height=\"180\" src=\"https:\/\/test-drschatzl.online360.at\/wp-content\/uploads\/2020\/06\/medical2-blog-2.png\" class=\"owl-lazy img-responsive\" alt=\"\" \/>\t\t\t\t\t\t\t\t\t\t\t<\/div>\r\n\t\t\t\t\t\t\t\t<\/a>\r\n\t\t\t\t\t\t\t\t<\/div>\r\n\t\t\r\n\t\t\t<\/div>\r\n\t\r\n\t\t<!-- Post meta before content -->\r\n\t\t<div class=\"post-meta\"><span class=\"meta-date\"><i class=\"far fa-calendar-alt\"><\/i>iunie 10, 2020<\/span><\/div><div class=\"post-meta\"><\/div>\t\t<div class=\"post-content\">\r\n\r\n\t\t\t<h4 class=\"entry-title\"><a href=\"https:\/\/test-drschatzl.online360.at\/ro\/carcinomul-de-prostata\/\">Carcinomul de prostat\u0103<\/a><\/h4>\r\n\t\t\t<span class=\"vcard\" style=\"display: none;\"><span class=\"fn\"><a href=\"https:\/\/test-drschatzl.online360.at\/ro\/author\/devangi-thakoregmail-com\/\" title=\"Articole de devangi.thakore@gmail.com\" rel=\"author\">devangi.thakore@gmail.com<\/a><\/span><\/span><span class=\"updated\" style=\"display:none\">2024-09-03T14:15:00+02:00<\/span><p class=\"post-excerpt\">\nAfectarea malign\u0103 a prostatei (carcinomul de prostat\u0103) este cea mai frecvent\u0103 tumoare malign\u0103 care apare la b\u0103rba\u021bi. Cu o frecven\u021b\u0103 de cca. 20 \/ 100000 de b\u0103rba\u021bi, aceast\u0103 tumoare trebuie privit\u0103, din punct de vedere medical, ca o provocare, necesit\u00e2nd \u00eentreaga aten\u021bie a sistemului de s\u0103n\u0103tate. Din...<\/p>\t\t\t\t\t<\/div>\r\n\t\t<!-- Post meta after content -->\r\n\t\t\t\t<div class=\"clearfix\">\r\n\t\t\t<a class=\"btn btn-xs btn-default text-xs text-uppercase btn-readmore\" href=\"https:\/\/test-drschatzl.online360.at\/ro\/carcinomul-de-prostata\/\">Read more...<\/a>\r\n\t\t<\/div>\r\n\t<\/div>\r\n<\/article>\r\n\r\n\t\r\n\t\t\t<\/div>\r\n\t\t<\/div>\r\n\r\n\t\r\n\t\r\n\t<\/div>\t\t<\/div>\n\t\t\t\t<\/div>\n\t\t\t\t<div class=\"elementor-element elementor-element-4c5fe4b elementor-invisible elementor-widget elementor-widget-porto_button\" data-id=\"4c5fe4b\" data-element_type=\"widget\" data-settings=\"{&quot;align&quot;:&quot;left&quot;,&quot;_animation&quot;:&quot;fadeInUp&quot;,&quot;_animation_delay&quot;:500}\" data-widget_type=\"porto_button.default\">\n\t\t\t\t<div class=\"elementor-widget-container\">\n\t\t\t<a aria-label=\"button\" class=\"btn btn-lg btn-light btn-modern\" href=\"https:\/\/drschatzl.at\/jetzt-termin-anfragen\/\"><span >Jetzt Termin Anfragen<\/span><\/a>\t\t<\/div>\n\t\t\t\t<\/div>\n\t\t\t\t\t<\/div>\r\n\t\t\t\t<\/div>\r\n\t\t\t\t\t<\/div>\r\n\t\t\t\t<\/section>\r\n\t\t\t\t\t\t\t<\/div>\n\t\t","protected":false},"excerpt":{"rendered":"<p>Probleme tipice la b\u0103rba\u0163ii \u00een v\u00e2rst\u0103 \u00cen cabinetul meu de urologie \u015fi andrologie m-am specializat printre altele \u00een problemele b\u0103rba\u0163ilor v\u00e2rstnici. \u00cen ziua mea obi\u015fnuit\u0103 ca medic m\u0103 confrunt cu tot mai multe simptome caracteristice v\u00e2rstei avansate, pentru care a\u015f dori s\u0103 ofer aici \u00een avans c\u00e2teva informa\u0163ii, respectiv r\u0103spunsuri. Desigur c\u0103 ele nu pot [&hellip;]<\/p>\n","protected":false},"author":3,"featured_media":0,"parent":0,"menu_order":0,"comment_status":"closed","ping_status":"closed","template":"","meta":{"footnotes":""},"class_list":["post-3867","page","type-page","status-publish","hentry"],"_links":{"self":[{"href":"https:\/\/test-drschatzl.online360.at\/ro\/wp-json\/wp\/v2\/pages\/3867","targetHints":{"allow":["GET"]}}],"collection":[{"href":"https:\/\/test-drschatzl.online360.at\/ro\/wp-json\/wp\/v2\/pages"}],"about":[{"href":"https:\/\/test-drschatzl.online360.at\/ro\/wp-json\/wp\/v2\/types\/page"}],"author":[{"embeddable":true,"href":"https:\/\/test-drschatzl.online360.at\/ro\/wp-json\/wp\/v2\/users\/3"}],"replies":[{"embeddable":true,"href":"https:\/\/test-drschatzl.online360.at\/ro\/wp-json\/wp\/v2\/comments?post=3867"}],"version-history":[{"count":1,"href":"https:\/\/test-drschatzl.online360.at\/ro\/wp-json\/wp\/v2\/pages\/3867\/revisions"}],"predecessor-version":[{"id":3868,"href":"https:\/\/test-drschatzl.online360.at\/ro\/wp-json\/wp\/v2\/pages\/3867\/revisions\/3868"}],"wp:attachment":[{"href":"https:\/\/test-drschatzl.online360.at\/ro\/wp-json\/wp\/v2\/media?parent=3867"}],"curies":[{"name":"wp","href":"https:\/\/api.w.org\/{rel}","templated":true}]}}